{"id":295,"date":"2025-02-10T00:24:14","date_gmt":"2025-02-10T00:24:14","guid":{"rendered":"http:\/\/www.dpagroupe.com\/?page_id=295"},"modified":"2025-02-10T00:27:39","modified_gmt":"2025-02-10T00:27:39","slug":"notre-ambition","status":"publish","type":"page","link":"https:\/\/www.dpagroupe.com\/index.php\/notre-ambition\/","title":{"rendered":"Notre ambition ?"},"content":{"rendered":"<p>Sur le plan socio-\u00e9conomique, DPA Industries vise \u00e0 cr\u00e9er une dynamique de diversification des sources de revenus des populations rurales et \u00e0 int\u00e9grer de nouveaux acteurs dans le circuit productif et commercial des fili\u00e8res agricoles.<\/p>\n<p>L&rsquo;entreprise s&rsquo;engage \u00e0 apporter une r\u00e9ponse structurelle \u00e0 la crise c\u00e9r\u00e9ali\u00e8re en mettant en \u0153uvre une production d&rsquo;intrants de qualit\u00e9, disponibles et abordables, afin de prot\u00e9ger les populations des fluctuations des march\u00e9s internationaux.<\/p>\n<div class=\"relative inline-flex items-center\"><\/div>\n","protected":false},"excerpt":{"rendered":"<p>Sur le plan socio-\u00e9conomique, DPA Industries vise \u00e0 cr\u00e9er une dynamique de diversification des sources de revenus des populations rurales et \u00e0 int\u00e9grer de nouveaux acteurs dans le circuit productif et commercial des fili\u00e8res agricoles. L&rsquo;entreprise s&rsquo;engage \u00e0 apporter une r\u00e9ponse structurelle \u00e0 la crise c\u00e9r\u00e9ali\u00e8re en mettant en \u0153uvre une production d&rsquo;intrants de qualit\u00e9, disponibles et abordables, afin de prot\u00e9ger les populations des fluctuations&hellip; <\/p>\n","protected":false},"author":1,"featured_media":126,"parent":0,"menu_order":0,"comment_status":"closed","ping_status":"closed","template":"","meta":{"footnotes":""},"class_list":["post-295","page","type-page","status-publish","has-post-thumbnail","hentry","clearfix"],"_links":{"self":[{"href":"https:\/\/www.dpagroupe.com\/index.php\/wp-json\/wp\/v2\/pages\/295","targetHints":{"allow":["GET"]}}],"collection":[{"href":"https:\/\/www.dpagroupe.com\/index.php\/wp-json\/wp\/v2\/pages"}],"about":[{"href":"https:\/\/www.dpagroupe.com\/index.php\/wp-json\/wp\/v2\/types\/page"}],"author":[{"embeddable":true,"href":"https:\/\/www.dpagroupe.com\/index.php\/wp-json\/wp\/v2\/users\/1"}],"replies":[{"embeddable":true,"href":"https:\/\/www.dpagroupe.com\/index.php\/wp-json\/wp\/v2\/comments?post=295"}],"version-history":[{"count":1,"href":"https:\/\/www.dpagroupe.com\/index.php\/wp-json\/wp\/v2\/pages\/295\/revisions"}],"predecessor-version":[{"id":296,"href":"https:\/\/www.dpagroupe.com\/index.php\/wp-json\/wp\/v2\/pages\/295\/revisions\/296"}],"wp:featuredmedia":[{"embeddable":true,"href":"https:\/\/www.dpagroupe.com\/index.php\/wp-json\/wp\/v2\/media\/126"}],"wp:attachment":[{"href":"https:\/\/www.dpagroupe.com\/index.php\/wp-json\/wp\/v2\/media?parent=295"}],"curies":[{"name":"wp","href":"https:\/\/api.w.org\/{rel}","templated":true}]}}