{"id":289,"date":"2025-02-09T23:30:42","date_gmt":"2025-02-09T23:30:42","guid":{"rendered":"http:\/\/www.dpagroupe.com\/?page_id=289"},"modified":"2025-02-10T00:25:26","modified_gmt":"2025-02-10T00:25:26","slug":"nos-fondements","status":"publish","type":"page","link":"https:\/\/www.dpagroupe.com\/index.php\/front-page-features\/nos-fondements\/","title":{"rendered":"Nos fondements ?"},"content":{"rendered":"<p>A la base conceptuelle de cette unit\u00e9 est fond\u00e9e sur la valorisation continue de toutes les productions agricoles de notre pays afin de cr\u00e9er plus de valeur ajout\u00e9e et am\u00e9liorer les chaines de valeur.<\/p>\n<p>A travers une meilleure connaissance des sols et gr\u00e2ce \u00e0 de multiples \u00e9tudes men\u00e9es par ses agronomes, DPA produit des engrais de qualit\u00e9 sup\u00e9rieure adapt\u00e9s \u00e0 chaque parcelle et \u00e0 chaque culture.<\/p>\n<p>La flamb\u00e9e des cours des produits agricoles au plan mondiale nous rappelle l\u2019imp\u00e9rieuse n\u00e9cessit\u00e9 d\u2019accorder la priorit\u00e9 au d\u00e9veloppement des produits agricoles locaux.<\/p>\n","protected":false},"excerpt":{"rendered":"<p>A la base conceptuelle de cette unit\u00e9 est fond\u00e9e sur la valorisation continue de toutes les productions agricoles de notre pays afin de cr\u00e9er plus de valeur ajout\u00e9e et am\u00e9liorer les chaines de valeur. A travers une meilleure connaissance des sols et gr\u00e2ce \u00e0 de multiples \u00e9tudes men\u00e9es par ses agronomes, DPA produit des engrais de qualit\u00e9 sup\u00e9rieure adapt\u00e9s \u00e0 chaque parcelle et \u00e0 chaque&hellip; <\/p>\n","protected":false},"author":1,"featured_media":125,"parent":24,"menu_order":0,"comment_status":"closed","ping_status":"closed","template":"","meta":{"footnotes":""},"class_list":["post-289","page","type-page","status-publish","has-post-thumbnail","hentry","clearfix"],"_links":{"self":[{"href":"https:\/\/www.dpagroupe.com\/index.php\/wp-json\/wp\/v2\/pages\/289","targetHints":{"allow":["GET"]}}],"collection":[{"href":"https:\/\/www.dpagroupe.com\/index.php\/wp-json\/wp\/v2\/pages"}],"about":[{"href":"https:\/\/www.dpagroupe.com\/index.php\/wp-json\/wp\/v2\/types\/page"}],"author":[{"embeddable":true,"href":"https:\/\/www.dpagroupe.com\/index.php\/wp-json\/wp\/v2\/users\/1"}],"replies":[{"embeddable":true,"href":"https:\/\/www.dpagroupe.com\/index.php\/wp-json\/wp\/v2\/comments?post=289"}],"version-history":[{"count":2,"href":"https:\/\/www.dpagroupe.com\/index.php\/wp-json\/wp\/v2\/pages\/289\/revisions"}],"predecessor-version":[{"id":291,"href":"https:\/\/www.dpagroupe.com\/index.php\/wp-json\/wp\/v2\/pages\/289\/revisions\/291"}],"up":[{"embeddable":true,"href":"https:\/\/www.dpagroupe.com\/index.php\/wp-json\/wp\/v2\/pages\/24"}],"wp:featuredmedia":[{"embeddable":true,"href":"https:\/\/www.dpagroupe.com\/index.php\/wp-json\/wp\/v2\/media\/125"}],"wp:attachment":[{"href":"https:\/\/www.dpagroupe.com\/index.php\/wp-json\/wp\/v2\/media?parent=289"}],"curies":[{"name":"wp","href":"https:\/\/api.w.org\/{rel}","templated":true}]}}