{"id":286,"date":"2025-02-09T23:28:58","date_gmt":"2025-02-09T23:28:58","guid":{"rendered":"http:\/\/www.dpagroupe.com\/?page_id=286"},"modified":"2025-02-10T00:25:57","modified_gmt":"2025-02-10T00:25:57","slug":"qui-sommes-nous","status":"publish","type":"page","link":"https:\/\/www.dpagroupe.com\/index.php\/front-page-features\/qui-sommes-nous\/","title":{"rendered":"Qui sommes-nous ?"},"content":{"rendered":"<p>DOUCOUR\u00c9 PARTENAIRE AGRO INDUSTRIES SA est une soci\u00e9t\u00e9 qui \u00e9volue dans la production et la distribution des intrants agricoles notamment les engrais de types NPKSB (BULK BLENDING) au sein de l\u2019espace UEMOA dans l\u2019optique d\u2019accompagner la politique sous r\u00e9gionale de stimulation de l\u2019offre des intrants.<\/p>\n<p>Elle entend soutenir en amont le d\u00e9veloppement et la diversification de la production agricole par la distribution d\u2019engrais de qualit\u00e9 dans la perspective d\u2019accroitre la production et la productivit\u00e9 agricole.<\/p>\n<p>Il s\u2019agit d\u2019assurer le lien entre les zones de production agricole et la disponibilit\u00e9 des facteurs de production.<\/p>\n","protected":false},"excerpt":{"rendered":"<p>DOUCOUR\u00c9 PARTENAIRE AGRO INDUSTRIES SA est une soci\u00e9t\u00e9 qui \u00e9volue dans la production et la distribution des intrants agricoles notamment les engrais de types NPKSB (BULK BLENDING) au sein de l\u2019espace UEMOA dans l\u2019optique d\u2019accompagner la politique sous r\u00e9gionale de stimulation de l\u2019offre des intrants. Elle entend soutenir en amont le d\u00e9veloppement et la diversification de la production agricole par la distribution d\u2019engrais de qualit\u00e9&hellip; <\/p>\n","protected":false},"author":1,"featured_media":124,"parent":24,"menu_order":0,"comment_status":"closed","ping_status":"closed","template":"","meta":{"footnotes":""},"class_list":["post-286","page","type-page","status-publish","has-post-thumbnail","hentry","clearfix"],"_links":{"self":[{"href":"https:\/\/www.dpagroupe.com\/index.php\/wp-json\/wp\/v2\/pages\/286","targetHints":{"allow":["GET"]}}],"collection":[{"href":"https:\/\/www.dpagroupe.com\/index.php\/wp-json\/wp\/v2\/pages"}],"about":[{"href":"https:\/\/www.dpagroupe.com\/index.php\/wp-json\/wp\/v2\/types\/page"}],"author":[{"embeddable":true,"href":"https:\/\/www.dpagroupe.com\/index.php\/wp-json\/wp\/v2\/users\/1"}],"replies":[{"embeddable":true,"href":"https:\/\/www.dpagroupe.com\/index.php\/wp-json\/wp\/v2\/comments?post=286"}],"version-history":[{"count":1,"href":"https:\/\/www.dpagroupe.com\/index.php\/wp-json\/wp\/v2\/pages\/286\/revisions"}],"predecessor-version":[{"id":287,"href":"https:\/\/www.dpagroupe.com\/index.php\/wp-json\/wp\/v2\/pages\/286\/revisions\/287"}],"up":[{"embeddable":true,"href":"https:\/\/www.dpagroupe.com\/index.php\/wp-json\/wp\/v2\/pages\/24"}],"wp:featuredmedia":[{"embeddable":true,"href":"https:\/\/www.dpagroupe.com\/index.php\/wp-json\/wp\/v2\/media\/124"}],"wp:attachment":[{"href":"https:\/\/www.dpagroupe.com\/index.php\/wp-json\/wp\/v2\/media?parent=286"}],"curies":[{"name":"wp","href":"https:\/\/api.w.org\/{rel}","templated":true}]}}